{"id":14,"date":"2026-01-11T15:54:01","date_gmt":"2026-01-11T15:54:01","guid":{"rendered":"https:\/\/www.berlin-gutachter.com\/?page_id=14"},"modified":"2026-01-14T17:08:01","modified_gmt":"2026-01-14T17:08:01","slug":"berlin-kfz-gutachter","status":"publish","type":"page","link":"https:\/\/www.berlin-gutachter.com\/","title":{"rendered":"Berlin Kfz Gutachter"},"content":{"rendered":"<div class=\"et_pb_section_0 et_pb_section et_section_regular et_block_section\">\n<div class=\"et_pb_row_0 et_pb_row et_flex_row\">\n<div class=\"et_pb_column_0 et_pb_column et_flex_column et_pb_css_mix_blend_mode_passthrough et_flex_column_12_24 et_flex_column_12_24_tablet et_flex_column_24_24_phone\">\n<div class=\"et_pb_heading_0 et_pb_heading et_animated et_pb_module et_flex_module\"><div class=\"et_pb_heading_container\"><h1 class=\"et_pb_module_header\">Berlin Kfz Gutachter \u2013 Schnell. Unabh\u00e4ngig. Kompetent.<\/h1><\/div><\/div>\n\n<div class=\"et_pb_text_0 et_pb_text et_pb_bg_layout_dark et_pb_module et_flex_module\"><div class=\"et_pb_text_inner\"><p>Unfall gehabt? Wir erstellen Ihr professionelles Kfz-Unfallgutachten in Berlin \u2013<br \/>\nkostenfrei bei Haftpflichtschaden &#038; innerhalb von 24 Stunden vor Ort.<\/p>\n<\/div><\/div>\n\n<ul class=\"et_pb_icon_list_0 et_pb_icon_list et_pb_module et_flex_module\">\n<li class=\"et_pb_icon_list_item_0 et_pb_icon_list_item et_pb_module et_flex_module\"><span class=\"et-pb-icon\">N<\/span><div class=\"et_pb_icon_list_text\">Unabh\u00e4ngiger Kfz- &#038; Unfallgutachter<\/div><\/li>\n\n<li class=\"et_pb_icon_list_item_1 et_pb_icon_list_item et_pb_module et_flex_module\"><span class=\"et-pb-icon\">N<\/span><div class=\"et_pb_icon_list_text\">100 % kostenfrei bei unverschuldetem Unfall<\/div><\/li>\n\n<li class=\"et_pb_icon_list_item_2 et_pb_icon_list_item et_pb_module et_flex_module\"><span class=\"et-pb-icon\">N<\/span><div class=\"et_pb_icon_list_text\">Vor-Ort-Service in ganz Berlin<\/div><\/li>\n\n<li class=\"et_pb_icon_list_item_3 et_pb_icon_list_item et_pb_module et_flex_module\"><span class=\"et-pb-icon\">N<\/span><div class=\"et_pb_icon_list_text\">Direkte Abwicklung mit Versicherung &#038; Anwalt<\/div><\/li>\n\n<li class=\"et_pb_icon_list_item_4 et_pb_icon_list_item et_pb_module et_flex_module\"><span class=\"et-pb-icon\">N<\/span><div class=\"et_pb_icon_list_text\">Auch bei Totalschaden &#038; Leasingfahrzeugen<\/div><\/li>\n<\/ul>\n<\/div>\n\n<div class=\"et_pb_column_1 et_pb_column et-last-child et_flex_column et_pb_css_mix_blend_mode_passthrough et_animated et_flex_column_12_24 et_flex_column_12_24_tablet et_flex_column_24_24_phone\">\n<div class=\"et_pb_text_1 et_pb_text et_pb_bg_layout_dark et_pb_module et_flex_module\"><div class=\"et_pb_text_inner\"><p>Jetzt anrufen \u2013 sofort Hilfe erhalten<\/p>\n<\/div><\/div>\n\n<div class=\"et_pb_module et_pb_button_module_wrapper et_pb_button_0_wrapper\"><a class=\"et_pb_button_0 et_pb_button et_pb_bg_layout_light et_pb_module et_flex_module\" href=\"\" data-icon=\"\ue090\">030 000 000 00 00<\/a><\/div>\n\n<div class=\"et_pb_text_2 et_pb_text et_pb_bg_layout_dark et_pb_module et_flex_module\"><div class=\"et_pb_text_inner\"><p>WhatsApp schreiben \u2013 schnell &#038; unkompliziert<\/p>\n<\/div><\/div>\n\n<div class=\"et_pb_module et_pb_button_module_wrapper et_pb_button_1_wrapper\"><a class=\"et_pb_button_1 et_pb_button et_pb_bg_layout_light et_pb_module et_flex_module\" href=\"\" data-icon=\"\uf232\">030 000 000 00 00<\/a><\/div>\n\n<div class=\"et_pb_text_3 et_pb_text et_pb_bg_layout_dark et_pb_module et_flex_module\"><div class=\"et_pb_text_inner\"><p>Kontaktformular<\/p>\n<\/div><\/div>\n\n<div class=\"et_pb_module et_pb_button_module_wrapper et_pb_button_2_wrapper\"><a class=\"et_pb_button_2 et_pb_button et_pb_bg_layout_light et_pb_module et_flex_module\" href=\"#KontaktFormularId\" data-icon=\"\uf095\">R\u00fcckruf anfordern<\/a><\/div>\n<\/div>\n<\/div>\n<\/div>\n\n<div class=\"et_pb_section_1 et_pb_section et_section_regular et_flex_section\">\n<div class=\"et_pb_row_1 et_pb_row et_flex_row et_animated\">\n<div class=\"et_pb_column_2 et_pb_column et-last-child et_flex_column et_pb_css_mix_blend_mode_passthrough et_flex_column_24_24 et_flex_column_24_24_tablet et_flex_column_24_24_phone\">\n<div class=\"et_pb_heading_1 et_pb_heading et_pb_module et_flex_module\"><div class=\"et_pb_heading_container\"><h1 class=\"et_pb_module_header\">Soforthilfe nach dem Unfall<\/h1><\/div><\/div>\n\n<div class=\"et_pb_heading_2 et_pb_heading et_pb_module et_flex_module\"><div class=\"et_pb_heading_container\"><h3 class=\"et_pb_module_header\">Unfall gehabt? So gehen Sie jetzt richtig vor<\/h3><\/div><\/div>\n\n<div class=\"et_pb_text_4 et_pb_text et_pb_bg_layout_light et_pb_module et_flex_module\"><div class=\"et_pb_text_inner\"><p>Ein Verkehrsunfall bringt h\u00e4ufig Unsicherheit mit sich. Um Ihre Anspr\u00fcche vollst\u00e4ndig zu sichern, sollten Sie strukturiert vorgehen:<\/p>\n<ol>\n<li style=\"list-style-type: none;\">\n<ol>\n<li><strong>Unfallstelle absichern und Erste Hilfe leisten<\/strong>, um weitere Gefahren zu vermeiden<\/li>\n<li><strong>Polizei verst\u00e4ndigen<\/strong>, insbesondere bei Personensch\u00e4den oder unklarer Schuldfrage<\/li>\n<li><strong>Keine Schuldeingest\u00e4ndnisse<\/strong> gegen\u00fcber der gegnerischen Versicherung abgeben<\/li>\n<li><strong>Unabh\u00e4ngigen Kfz Gutachter kontaktieren<\/strong>, da Sie als Gesch\u00e4digter ein freies Wahlrecht haben<\/li>\n<\/ol>\n<\/li>\n<\/ol>\n<p>Ein fr\u00fchzeitiges Unfallgutachten stellt sicher, dass alle relevanten Sch\u00e4den vollst\u00e4ndig dokumentiert werden und keine finanziellen Nachteile entstehen.<\/p>\n<\/div><\/div>\n\n<div class=\"et_pb_text_5 et_pb_text et_pb_bg_layout_light et_pb_module et_flex_module\"><div class=\"et_pb_text_inner\"><p>Ein Verkehrsunfall bringt h\u00e4ufig Unsicherheit mit sich. Um Ihre Anspr\u00fcche vollst\u00e4ndig zu sichern, sollten Sie strukturiert vorgehen:<\/p>\n<ol>\n<li style=\"list-style-type: none;\">\n<ol>\n<li><strong>Unfallstelle absichern und Erste Hilfe leisten<\/strong>, um weitere Gefahren zu vermeiden<\/li>\n<li><strong>Polizei verst\u00e4ndigen<\/strong>, insbesondere bei Personensch\u00e4den oder unklarer Schuldfrage<\/li>\n<li><strong>Keine Schuldeingest\u00e4ndnisse<\/strong> gegen\u00fcber der gegnerischen Versicherung abgeben<\/li>\n<li><strong>Unabh\u00e4ngigen Kfz Gutachter kontaktieren<\/strong>, da Sie als Gesch\u00e4digter ein freies Wahlrecht haben<\/li>\n<\/ol>\n<\/li>\n<\/ol>\n<p>Ein fr\u00fchzeitiges Unfallgutachten stellt sicher, dass alle relevanten Sch\u00e4den vollst\u00e4ndig dokumentiert werden und keine finanziellen Nachteile entstehen.<\/p>\n<\/div><\/div>\n\n<div class=\"et_pb_module et_pb_button_module_wrapper et_pb_button_3_wrapper\"><a class=\"et_pb_button_3 et_pb_button et_pb_bg_layout_light et_pb_module et_flex_module\" href=\"\" data-icon=\"\ue090\">Jetzt unverbindlich beraten lassen<\/a><\/div>\n<\/div>\n<\/div>\n<\/div>\n\n<div class=\"et_pb_section_2 et_pb_section et_section_regular et_flex_section\">\n<div class=\"et_pb_row_2 et_pb_row et_flex_row\">\n<div class=\"et_pb_column_3 et_pb_column et-last-child et_flex_column et_pb_css_mix_blend_mode_passthrough et_flex_column_24_24\">\n<div class=\"et_pb_heading_3 et_pb_heading et_pb_module et_flex_module\"><div class=\"et_pb_heading_container\"><h1 class=\"et_pb_module_header\">Unsere Leistungen als Kfz Gutachter in Berlin<\/h1><\/div><\/div>\n<\/div>\n<\/div>\n\n<div class=\"et_pb_row_3 et_pb_row et_flex_row\">\n<div class=\"et_pb_column_4 et_pb_column et_flex_column et_pb_css_mix_blend_mode_passthrough et_flex_column_8_24 et_flex_column_8_24_tablet et_flex_column_24_24_phone\">\n<div class=\"et_pb_blurb_0 et_pb_blurb et_pb_bg_layout_light et_pb_text_align_left et_pb_blurb_position_top et_pb_module et_flex_module\"><div class=\"et_pb_blurb_content et_flex_module\"><div class=\"et_pb_main_blurb_image\"><span class=\"et_pb_image_wrap et_pb_only_image_mode_wrap\"><img loading=\"lazy\" decoding=\"async\" src=\"https:\/\/www.berlin-gutachter.com\/wp-content\/uploads\/2026\/01\/Gutachter-bei-Fahrzeugbesichtigung-nach-Unfall.png\" alt=\"Unfallgutachten (Haftpflichtschaden)\" width=\"611\" height=\"611\" srcset=\"https:\/\/www.berlin-gutachter.com\/wp-content\/uploads\/2026\/01\/Gutachter-bei-Fahrzeugbesichtigung-nach-Unfall.png 611w, https:\/\/www.berlin-gutachter.com\/wp-content\/uploads\/2026\/01\/Gutachter-bei-Fahrzeugbesichtigung-nach-Unfall-480x480.png 480w\" sizes=\"(min-width: 0px) and (max-width: 480px) 480px, (min-width: 481px) 611px, 100vw\" class=\"et-waypoint et_pb_animation_top et_pb_animation_top_tablet et_pb_animation_top_phone wp-image-44\" title=\"Unfallgutachten (Haftpflichtschaden)\" \/><\/span><\/div><div class=\"et_pb_blurb_container\"><h4 class=\"et_pb_module_header\">Unfallgutachten (Haftpflichtschaden)<\/h4><div class=\"et_pb_blurb_description\"><p>Ein Unfallgutachten bildet die wichtigste Grundlage f\u00fcr die vollst\u00e4ndige Regulierung eines unverschuldeten Verkehrsunfalls. Als unabh\u00e4ngiger Kfz Gutachter dokumentieren wir s\u00e4mtliche Sch\u00e4den an Ihrem Fahrzeug detailliert und rechtssicher. Dabei erfassen wir sowohl sichtbare als auch verdeckte Sch\u00e4den und ber\u00fccksichtigen alle relevanten Positionen, die f\u00fcr Ihre Schadenersatzanspr\u00fcche entscheidend sind.<\/p>\n<p>Das Gutachten enth\u00e4lt unter anderem die Reparaturkosten, den Nutzungsausfall, eine m\u00f6gliche Wertminderung sowie den Wiederbeschaffungswert. Die Kosten f\u00fcr das Unfallgutachten werden bei einem Haftpflichtschaden vollst\u00e4ndig von der gegnerischen Versicherung \u00fcbernommen.<\/p>\n<\/div><\/div><\/div><\/div>\n<\/div>\n\n<div class=\"et_pb_column_5 et_pb_column et_flex_column et_pb_css_mix_blend_mode_passthrough et_flex_column_8_24 et_flex_column_8_24_tablet et_flex_column_24_24_phone\">\n<div class=\"et_pb_blurb_1 et_pb_blurb et_pb_bg_layout_light et_pb_text_align_left et_pb_blurb_position_top et_pb_module et_flex_module\"><div class=\"et_pb_blurb_content et_flex_module\"><div class=\"et_pb_main_blurb_image\"><span class=\"et_pb_image_wrap et_pb_only_image_mode_wrap\"><img loading=\"lazy\" decoding=\"async\" src=\"https:\/\/www.berlin-gutachter.com\/wp-content\/uploads\/2026\/01\/Stark-Unfall-Quadrat-scaled.jpg\" alt=\"Totalschaden &amp; Wiederbeschaffungswert\" width=\"2560\" height=\"2560\" srcset=\"https:\/\/www.berlin-gutachter.com\/wp-content\/uploads\/2026\/01\/Stark-Unfall-Quadrat-scaled.jpg 2560w, https:\/\/www.berlin-gutachter.com\/wp-content\/uploads\/2026\/01\/Stark-Unfall-Quadrat-1280x1280.jpg 1280w, https:\/\/www.berlin-gutachter.com\/wp-content\/uploads\/2026\/01\/Stark-Unfall-Quadrat-980x980.jpg 980w, https:\/\/www.berlin-gutachter.com\/wp-content\/uploads\/2026\/01\/Stark-Unfall-Quadrat-480x480.jpg 480w\" sizes=\"(min-width: 0px) and (max-width: 480px) 480px, (min-width: 481px) and (max-width: 980px) 980px, (min-width: 981px) and (max-width: 1280px) 1280px, (min-width: 1281px) 2560px, 100vw\" class=\"et-waypoint et_pb_animation_top et_pb_animation_top_tablet et_pb_animation_top_phone wp-image-46\" title=\"Totalschaden &amp; Wiederbeschaffungswert\" \/><\/span><\/div><div class=\"et_pb_blurb_container\"><h4 class=\"et_pb_module_header\">Totalschaden &#038; Wiederbeschaffungswert<\/h4><div class=\"et_pb_blurb_description\"><p>Liegt ein wirtschaftlicher oder technischer Totalschaden vor, ist eine korrekte Bewertung besonders wichtig. Wir ermitteln den Wiederbeschaffungswert Ihres Fahrzeugs sowie den Restwert auf dem regionalen Markt, um eine realistische und faire Schadenabrechnung sicherzustellen.<\/p>\n<p>Eine pr\u00e4zise Totalschadenbewertung verhindert, dass Versicherungen den Schaden zu niedrig ansetzen. Unsere Gutachten ber\u00fccksichtigen Ausstattung, Pflegezustand und aktuelle Marktpreise, sodass Sie den Ihnen zustehenden Betrag erhalten.<\/p>\n<\/div><\/div><\/div><\/div>\n<\/div>\n\n<div class=\"et_pb_column_6 et_pb_column et-last-child et_flex_column et_pb_css_mix_blend_mode_passthrough et_flex_column_8_24 et_flex_column_8_24_tablet et_flex_column_24_24_phone\">\n<div class=\"et_pb_blurb_2 et_pb_blurb et_pb_bg_layout_light et_pb_text_align_left et_pb_blurb_position_top et_pb_module et_flex_module\"><div class=\"et_pb_blurb_content et_flex_module\"><div class=\"et_pb_main_blurb_image\"><span class=\"et_pb_image_wrap et_pb_only_image_mode_wrap\"><img loading=\"lazy\" decoding=\"async\" src=\"https:\/\/www.berlin-gutachter.com\/wp-content\/uploads\/2026\/01\/Repariertes-Auto.png\" alt=\"Wertminderung &amp; Nutzungsausfall\" width=\"1080\" height=\"1080\" srcset=\"https:\/\/www.berlin-gutachter.com\/wp-content\/uploads\/2026\/01\/Repariertes-Auto.png 1080w, https:\/\/www.berlin-gutachter.com\/wp-content\/uploads\/2026\/01\/Repariertes-Auto-980x980.png 980w, https:\/\/www.berlin-gutachter.com\/wp-content\/uploads\/2026\/01\/Repariertes-Auto-480x480.png 480w\" sizes=\"(min-width: 0px) and (max-width: 480px) 480px, (min-width: 481px) and (max-width: 980px) 980px, (min-width: 981px) 1080px, 100vw\" class=\"et-waypoint et_pb_animation_top et_pb_animation_top_tablet et_pb_animation_top_phone wp-image-47\" title=\"Wertminderung &amp; Nutzungsausfall\" \/><\/span><\/div><div class=\"et_pb_blurb_container\"><h4 class=\"et_pb_module_header\">Wertminderung &#038; Nutzungsausfall<\/h4><div class=\"et_pb_blurb_description\"><p>Auch nach einer fachgerechten Reparatur kann ein Fahrzeug an Marktwert verlieren. Diese sogenannte merkantile Wertminderung ist ein wichtiger Bestandteil Ihrer Schadenersatzanspr\u00fcche. Wir berechnen die Wertminderung nach anerkannten Bewertungsverfahren und dokumentieren diese nachvollziehbar im Gutachten.<\/p>\n<p>Zus\u00e4tzlich ermitteln wir den Nutzungsausfall f\u00fcr die Zeit, in der Ihnen Ihr Fahrzeug nicht zur Verf\u00fcgung stand. Dadurch stellen wir sicher, dass Ihnen auch dieser finanzielle Nachteil vollst\u00e4ndig ersetzt wird.<\/p>\n<\/div><\/div><\/div><\/div>\n<\/div>\n<\/div>\n<\/div>\n\n<div class=\"et_pb_section_3 et_pb_section et_section_regular et_flex_section\">\n<div class=\"et_pb_row_4 et_pb_row et_flex_row\">\n<div class=\"et_pb_column_7 et_pb_column et-last-child et_flex_column et_pb_css_mix_blend_mode_passthrough et_flex_column_24_24\">\n<div class=\"et_pb_heading_4 et_pb_heading et_pb_module et_flex_module\"><div class=\"et_pb_heading_container\"><h1 class=\"et_pb_module_header\">Kontakt \u2013 Jetzt Kfz Gutachter in Berlin erreichen<\/h1><\/div><\/div>\n\n<div class=\"et_pb_heading_5 et_pb_heading et_pb_module et_flex_module\"><div class=\"et_pb_heading_container\"><h3 class=\"et_pb_module_header\">Nehmen Sie jetzt Kontakt mit Ihrem Kfz Gutachter in Berlin auf<\/h3><\/div><\/div>\n\n<div class=\"et_pb_text_6 et_pb_text et_pb_bg_layout_light et_pb_module et_flex_module\"><div class=\"et_pb_text_inner\"><p>Nach einem Verkehrsunfall ist es wichtig, schnell einen verl\u00e4sslichen Ansprechpartner an Ihrer Seite zu haben. Wir stehen Ihnen f\u00fcr eine unverbindliche Erstberatung zur Verf\u00fcgung und kl\u00e4ren gemeinsam, welche Schritte in Ihrem individuellen Fall sinnvoll sind. Dabei erkl\u00e4ren wir Ihnen verst\u00e4ndlich, welche Rechte Sie haben und wie die Schadenabwicklung abl\u00e4uft.<\/p>\n<p>Sie erreichen uns auf verschiedenen Wegen \u2013 w\u00e4hlen Sie einfach die Kontaktm\u00f6glichkeit, die f\u00fcr Sie am bequemsten ist:<\/p>\n<\/div><\/div>\n<\/div>\n<\/div>\n\n<div class=\"et_pb_row_5 et_pb_row et_flex_row\">\n<div class=\"et_pb_column_8 et_pb_column et_flex_column et_pb_css_mix_blend_mode_passthrough et_flex_column_8_24 et_flex_column_24_24_phone\">\n<div class=\"et_pb_blurb_3 et_pb_blurb et_pb_bg_layout_light et_pb_text_align_left et_pb_blurb_position_top et_pb_module et_flex_module\"><div class=\"et_pb_blurb_content et_flex_module\"><div class=\"et_pb_main_blurb_image\"><span class=\"et_pb_image_wrap\"><span class=\"et-pb-icon et-waypoint et_pb_animation_top et_pb_animation_top_tablet et_pb_animation_top_phone\">\uf3cd<\/span><\/span><\/div><div class=\"et_pb_blurb_container\"><h4 class=\"et_pb_module_header\">Telefonisch<\/h4><div class=\"et_pb_blurb_description\"><p style=\"text-align: center;\">F\u00fcr sofortige Unterst\u00fctzung und pers\u00f6nliche Beratung. Besonders bei frischen Unf\u00e4llen ist ein direktes Gespr\u00e4ch oft der schnellste Weg.<\/p>\n<\/div><\/div>\n<div class=\"et_pb_module et_pb_button_module_wrapper et_pb_button_4_wrapper\"><a class=\"et_pb_button_4 et_pb_button et_pb_bg_layout_light et_pb_module et_flex_module\" href=\"\" data-icon=\"\ue090\">01002151558<\/a><\/div>\n<\/div><\/div>\n<\/div>\n\n<div class=\"et_pb_column_9 et_pb_column et_flex_column et_pb_css_mix_blend_mode_passthrough et_flex_column_8_24 et_flex_column_24_24_phone\">\n<div class=\"et_pb_blurb_4 et_pb_blurb et_pb_bg_layout_light et_pb_text_align_left et_pb_blurb_position_top et_pb_module et_flex_module\"><div class=\"et_pb_blurb_content et_flex_module\"><div class=\"et_pb_main_blurb_image\"><span class=\"et_pb_image_wrap\"><span class=\"et-pb-icon et-waypoint et_pb_animation_top et_pb_animation_top_tablet et_pb_animation_top_phone\">\uf232<\/span><\/span><\/div><div class=\"et_pb_blurb_container\"><h4 class=\"et_pb_module_header\">WhatsApp<\/h4><div class=\"et_pb_blurb_description\"><p style=\"text-align: center;\">Ideal f\u00fcr eine unkomplizierte Kontaktaufnahme. Sie k\u00f6nnen uns auch direkt Fotos vom Schaden oder wichtige Unterlagen senden.<\/p>\n<\/div><\/div>\n<div class=\"et_pb_module et_pb_button_module_wrapper et_pb_button_5_wrapper\"><a class=\"et_pb_button_5 et_pb_button et_pb_bg_layout_light et_pb_module et_flex_module\" href=\"\" data-icon=\"\uf232\">01002151558<\/a><\/div>\n<\/div><\/div>\n<\/div>\n\n<div class=\"et_pb_column_10 et_pb_column et-last-child et_flex_column et_pb_css_mix_blend_mode_passthrough et_flex_column_8_24 et_flex_column_24_24_phone\">\n<div class=\"et_pb_blurb_5 et_pb_blurb et_pb_bg_layout_light et_pb_text_align_left et_pb_blurb_position_top et_pb_module et_flex_module\"><div class=\"et_pb_blurb_content et_flex_module\"><div class=\"et_pb_main_blurb_image\"><span class=\"et_pb_image_wrap\"><span class=\"et-pb-icon et-waypoint et_pb_animation_top et_pb_animation_top_tablet et_pb_animation_top_phone\">\ue010<\/span><\/span><\/div><div class=\"et_pb_blurb_container\"><h4 class=\"et_pb_module_header\">E-Mail<\/h4><div class=\"et_pb_blurb_description\"><p style=\"text-align: center;\">F\u00fcr ausf\u00fchrliche Anfragen oder das Zusenden von Dokumenten. Wir beantworten jede Anfrage zuverl\u00e4ssig.<\/p>\n<\/div><\/div>\n<div class=\"et_pb_module et_pb_button_module_wrapper et_pb_button_6_wrapper\"><a class=\"et_pb_button_6 et_pb_button et_pb_bg_layout_light et_pb_module et_flex_module\" href=\"mailto:info@berlin-gutachter.com\" data-icon=\"\uf1fa\">info@berlin-gutachter.com<\/a><\/div>\n<\/div><\/div>\n<\/div>\n<\/div>\n<\/div>\n\n<div class=\"et_pb_section_4 et_pb_section et_section_regular et_flex_section\">\n<div class=\"et_pb_row_6 et_pb_row et_flex_row\">\n<div class=\"et_pb_column_11 et_pb_column et-last-child et_flex_column et_pb_css_mix_blend_mode_passthrough et_flex_column_24_24\">\n<div class=\"et_pb_row_7 et_pb_row et_pb_row_nested et_flex_row et_animated\">\n<div class=\"et_pb_column_12 et_pb_column et-last-child et_flex_column et_pb_css_mix_blend_mode_passthrough et_flex_column_24_24 et_flex_column_24_24_tablet et_flex_column_24_24_phone\">\n<div class=\"et_pb_heading_6 et_pb_heading et_pb_module et_flex_module\"><div class=\"et_pb_heading_container\"><h1 class=\"et_pb_module_header\">Kosten &#038; Abrechnung<\/h1><\/div><\/div>\n\n<div class=\"et_pb_heading_7 et_pb_heading et_pb_module et_flex_module\"><div class=\"et_pb_heading_container\"><h3 class=\"et_pb_module_header\">Was kostet ein Kfz Gutachten in Berlin?<\/h3><\/div><\/div>\n\n<div class=\"et_pb_text_7 et_pb_text et_pb_bg_layout_light et_pb_module et_flex_module\"><div class=\"et_pb_text_inner\"><p>Eine der h\u00e4ufigsten Fragen nach einem Unfall betrifft die Kosten f\u00fcr ein Gutachten. Bei einem <strong>unverschuldeten Verkehrsunfall<\/strong> werden die Kosten f\u00fcr das Kfz Gutachten vollst\u00e4ndig von der gegnerischen Haftpflichtversicherung \u00fcbernommen. F\u00fcr Sie entstehen in diesem Fall <strong>keine Kosten und keine Vorkasse<\/strong>.<\/p>\n<p>Die Abrechnung erfolgt direkt zwischen uns und der Versicherung, sodass Sie sich um nichts k\u00fcmmern m\u00fcssen. Auch bei komplexeren Schadensf\u00e4llen oder h\u00f6heren Schadenbetr\u00e4gen bleibt dieses Vorgehen f\u00fcr Sie kostenfrei.<\/p>\n<p>Transparenz steht f\u00fcr uns an oberster Stelle. Sollten in Ausnahmef\u00e4llen Kosten entstehen, kl\u00e4ren wir diese selbstverst\u00e4ndlich vorab und verst\u00e4ndlich mit Ihnen.<\/p>\n<\/div><\/div>\n<\/div>\n<\/div>\n<\/div>\n<\/div>\n<\/div>","protected":false},"excerpt":{"rendered":"","protected":false},"author":1,"featured_media":0,"parent":0,"menu_order":0,"comment_status":"closed","ping_status":"closed","template":"","meta":{"footnotes":""},"class_list":["post-14","page","type-page","status-publish","hentry"],"_links":{"self":[{"href":"https:\/\/www.berlin-gutachter.com\/index.php\/wp-json\/wp\/v2\/pages\/14","targetHints":{"allow":["GET"]}}],"collection":[{"href":"https:\/\/www.berlin-gutachter.com\/index.php\/wp-json\/wp\/v2\/pages"}],"about":[{"href":"https:\/\/www.berlin-gutachter.com\/index.php\/wp-json\/wp\/v2\/types\/page"}],"author":[{"embeddable":true,"href":"https:\/\/www.berlin-gutachter.com\/index.php\/wp-json\/wp\/v2\/users\/1"}],"replies":[{"embeddable":true,"href":"https:\/\/www.berlin-gutachter.com\/index.php\/wp-json\/wp\/v2\/comments?post=14"}],"version-history":[{"count":15,"href":"https:\/\/www.berlin-gutachter.com\/index.php\/wp-json\/wp\/v2\/pages\/14\/revisions"}],"predecessor-version":[{"id":65,"href":"https:\/\/www.berlin-gutachter.com\/index.php\/wp-json\/wp\/v2\/pages\/14\/revisions\/65"}],"wp:attachment":[{"href":"https:\/\/www.berlin-gutachter.com\/index.php\/wp-json\/wp\/v2\/media?parent=14"}],"curies":[{"name":"wp","href":"https:\/\/api.w.org\/{rel}","templated":true}]}}